{"id":18,"date":"2016-11-27T23:03:36","date_gmt":"2016-11-27T23:03:36","guid":{"rendered":"http:\/\/restaurantgeorgos.de\/?page_id=18"},"modified":"2022-10-27T11:12:34","modified_gmt":"2022-10-27T09:12:34","slug":"ueber-uns","status":"publish","type":"page","link":"https:\/\/restaurantgeorgos.de\/?page_id=18","title":{"rendered":"\u00dcber uns"},"content":{"rendered":"&#8222;Georgos\u201c war schon immer eine echte Besonderheit in der Aachener Restaurantlandschaft. Ruhig war es hier nie. Die deftige, aber stets mit erstklassiger Qualit\u00e4t pr\u00e4sentierte mediterrane K\u00fcche, gepaart mit einem Gef\u00fchl von liebenswerter Geborgenheit haben das Restaurant an der Ecke Lochnerstrasse\/Mauerstrasse zu einer echten Kult-Institution gemacht.\n\nDie Stammg\u00e4ste, die nicht nur aus Aachen kamen, waren daher schockiert von der Nachricht, dass das \u201eGeorgos\u201c schlie\u00dfen musste. Nie wieder die erstklassig zubereiteten Fleischgerichte oder die k\u00f6stlichen Vegetarische-Kreationen aus der t\u00fcrkischen K\u00fcche schmecken d\u00fcrfen? Nie wieder diese herzliche Freundlichkeit erleben d\u00fcrfen? Das geht nun wirklich nicht!\n\nWir freuen uns deshalb sehr, das Restaurant Georgos nun wieder f\u00fcr Euch ge\u00f6ffnet zu haben. Der Inhaber mag sich ge\u00e4ndert haben, doch der Charme und die Herzlichkeit sind geblieben \u2013 wie nat\u00fcrlich auch die hohe Qualit\u00e4t der K\u00fcche. Wir bedanken uns bei allen G\u00e4sten, die die Wiederer\u00f6ffnung mit uns gefeiert haben. Ab jetzt sind wir wieder t\u00e4glich f\u00fcr Sie da! Wir freuen uns auf Ihren Besuch und besonders dar\u00fcber, dass dieses Kult-Restaurant an gleicher Stelle weiterlebt!\n\nEuer Restaurant Georgos Aachen Team","protected":false},"excerpt":{"rendered":"<p>&#8222;Georgos\u201c war schon immer eine echte Besonderheit in der Aachener Restaurantlandschaft. Ruhig war es hier nie. Die deftige, aber stets mit erstklassiger Qualit\u00e4t pr\u00e4sentierte mediterrane K\u00fcche, gepaart mit einem Gef\u00fchl von liebenswerter Geborgenheit haben das Restaurant an der Ecke Lochnerstrasse\/Mauerstrasse zu einer echten Kult-Institution gemacht. Die Stammg\u00e4ste, die nicht nur aus Aachen kamen, waren daher [&hellip;]<\/p>\n","protected":false},"author":1,"featured_media":0,"parent":0,"menu_order":0,"comment_status":"closed","ping_status":"closed","template":"page-templates\/full-width.php","meta":{"footnotes":""},"_links":{"self":[{"href":"https:\/\/restaurantgeorgos.de\/index.php?rest_route=\/wp\/v2\/pages\/18"}],"collection":[{"href":"https:\/\/restaurantgeorgos.de\/index.php?rest_route=\/wp\/v2\/pages"}],"about":[{"href":"https:\/\/restaurantgeorgos.de\/index.php?rest_route=\/wp\/v2\/types\/page"}],"author":[{"embeddable":true,"href":"https:\/\/restaurantgeorgos.de\/index.php?rest_route=\/wp\/v2\/users\/1"}],"replies":[{"embeddable":true,"href":"https:\/\/restaurantgeorgos.de\/index.php?rest_route=%2Fwp%2Fv2%2Fcomments&post=18"}],"version-history":[{"count":6,"href":"https:\/\/restaurantgeorgos.de\/index.php?rest_route=\/wp\/v2\/pages\/18\/revisions"}],"predecessor-version":[{"id":116,"href":"https:\/\/restaurantgeorgos.de\/index.php?rest_route=\/wp\/v2\/pages\/18\/revisions\/116"}],"wp:attachment":[{"href":"https:\/\/restaurantgeorgos.de\/index.php?rest_route=%2Fwp%2Fv2%2Fmedia&parent=18"}],"curies":[{"name":"wp","href":"https:\/\/api.w.org\/{rel}","templated":true}]}}